{"id":17,"date":"2019-01-28T09:50:36","date_gmt":"2019-01-28T08:50:36","guid":{"rendered":"https:\/\/www.dolmetschen-hoster.de\/?page_id=17"},"modified":"2020-10-20T09:59:29","modified_gmt":"2020-10-20T07:59:29","slug":"konferenzorganisation-bonn-dolmetscher-uebersetzer","status":"publish","type":"page","link":"https:\/\/www.dolmetschen-hoster.de\/index.php\/konferenzorganisation-bonn-dolmetscher-uebersetzer\/","title":{"rendered":"Konferenzorganisation"},"content":{"rendered":"<h1>Konferenzorganisation<\/h1>\n<h2>Team, Technik und Vieles mehr&#8230;<\/h2>\n<div class=\"two-column\">\n<div class=\"left\">\n<p><strong class=\"orange\">Der Erfolg jeder mehrsprachigen Veranstaltung steht und f\u00e4llt mit der Kommunikation unter den Teilnehmern und h\u00e4ngt direkt von der Qualit\u00e4t der Dolmetscher ab.<\/strong><\/p>\n<p>Ich stehe Ihnen vom ersten Beratungsgespr\u00e4ch bis zum Ende der Veranstaltung zur Seite, organisiere f\u00fcr Sie ein professionelles Dolmetscherteam mit der entsprechenden Sprachenkombination, fachlichen Spezialisierung und Ortsn\u00e4he, um f\u00fcr Sie die Kosten zu begrenzen.<\/p>\n<\/div>\n<div class=\"right\">\n<p>Gleichzeitig biete ich Ihnen aus einer Hand die f\u00fcr Ihre Veranstaltung passende Konferenztechnik an. Hier arbeite ich seit Jahren mit ausgew\u00e4hlten Anbietern zusammen, wodurch ich Ihnen zu guten Konditionen eine einwandfrei funktionierende Konferenztechnik und eine zuverl\u00e4ssige technische Betreuung zur Verf\u00fcgung stellen kann.<\/p>\n<p>Sie bekommen also <strong class=\"orange\">ein komplettes Konferenzservice-Paket&lt;\/strong &gt; bestehend aus Dolmetschern und Technik und brauchen sich <strong class=\"orange\">in puncto Sprachen um nichts mehr k\u00fcmmern<\/strong>!<\/strong><\/p>\n<\/div>\n<\/div>\n<hr \/>\n<h2>Was kann ich f\u00fcr Sie tun<\/h2>\n<div class=\"two-column\">\n<div class=\"left\">\n<p><strong class=\"orange\">Sie planen eine internationale Konferenz zum Thema Wasserversorgung mit den Arbeitssprachen Englisch, Franz\u00f6sisch und Arabisch? Oder ein Vertriebsmeeting Ihres Konzerns mit Teilnehmern aus England, Frankreich, Italien und Polen? Schreiben Sie mir eine Mail oder rufen mich direkt an.<\/strong><\/p>\n<p>Ich berate Sie kompetent zum Dolmetscherteam (Sprachen, fachliche Spezialisierung, Ortsn\u00e4he), zur Konferenztechnik bis hin zur Auswahl des Veranstaltungsortes.<\/p>\n<p>Anschlie\u00dfend unterbreite ich Ihnen ein ma\u00dfgeschneidertes Angebot, das die Zusammenstellung des Dolmetscherteams und die Auswahl der Konferenztechnik, sowie zu einem sp\u00e4teren Zeitpunkt die Ausarbeitung des Vertrages umfa\u00dft. Auf Wunsch k\u00f6nnen wir auch gerne Ihre Konferenz\u00adunterlagen \u00fcbersetzen.<\/p>\n<\/div>\n<div class=\"right\">\n<p>Ich \u00fcbernehme die Koordination mit den Dolmetschern und die Verteilung der Vorbereitungsunterlagen. Zudem stehe ich im Kontakt mit dem Konferenztechnikanbieter zur Weitergabe aller wichtigen Informationen. Vor Konferenzbeginn mache ich ein letztes Briefing mit den DolmetschkollegInnen und einen gewissenhaften Technik-Check.<\/p>\n<p>Dann kann es losgehen!<\/p>\n<p><strong class=\"orange\">\u00c0 propos Konferenztechnik:<\/strong><br \/>\nHier ist genau zu pr\u00fcfen, welche Konferenztechnik f\u00fcr Ihre Veranstaltung die passende ist. Eine Simultananlage mit Saalbeschallung, eine Delegierten-Sprechstellenanlage oder eine mobile Personen\u00adf\u00fchrungs\u00adanlage?<\/p>\n<p><strong class=\"orange\">Bei Fragen dazu bin ich auch hier f\u00fcr Sie ganz Ohr!<\/strong><\/p>\n<\/div>\n<\/div>\n<p><img loading=\"lazy\" class=\"fullsize islast alignnone size-full wp-image-100\" src=\"https:\/\/www.dolmetschen-hoster.de\/wp-content\/uploads\/2019\/02\/SHD_Konferenz_Content_1920.jpg\" alt=\"\" width=\"1920\" height=\"600\" \/><\/p>\n","protected":false},"excerpt":{"rendered":"<p>Konferenzorganisation Team, Technik und Vieles mehr&#8230; Der Erfolg jeder mehrsprachigen Veranstaltung steht und f\u00e4llt mit der Kommunikation unter den Teilnehmern und h\u00e4ngt direkt von der Qualit\u00e4t der Dolmetscher ab. Ich <a class=\"more-link\" href=\"https:\/\/www.dolmetschen-hoster.de\/index.php\/konferenzorganisation-bonn-dolmetscher-uebersetzer\/\">Mehr erfahren &rarr;<\/a><\/p>\n","protected":false},"author":1,"featured_media":76,"parent":0,"menu_order":3,"comment_status":"closed","ping_status":"closed","template":"","meta":[],"_links":{"self":[{"href":"https:\/\/www.dolmetschen-hoster.de\/index.php\/wp-json\/wp\/v2\/pages\/17"}],"collection":[{"href":"https:\/\/www.dolmetschen-hoster.de\/index.php\/wp-json\/wp\/v2\/pages"}],"about":[{"href":"https:\/\/www.dolmetschen-hoster.de\/index.php\/wp-json\/wp\/v2\/types\/page"}],"author":[{"embeddable":true,"href":"https:\/\/www.dolmetschen-hoster.de\/index.php\/wp-json\/wp\/v2\/users\/1"}],"replies":[{"embeddable":true,"href":"https:\/\/www.dolmetschen-hoster.de\/index.php\/wp-json\/wp\/v2\/comments?post=17"}],"version-history":[{"count":10,"href":"https:\/\/www.dolmetschen-hoster.de\/index.php\/wp-json\/wp\/v2\/pages\/17\/revisions"}],"predecessor-version":[{"id":405,"href":"https:\/\/www.dolmetschen-hoster.de\/index.php\/wp-json\/wp\/v2\/pages\/17\/revisions\/405"}],"wp:featuredmedia":[{"embeddable":true,"href":"https:\/\/www.dolmetschen-hoster.de\/index.php\/wp-json\/wp\/v2\/media\/76"}],"wp:attachment":[{"href":"https:\/\/www.dolmetschen-hoster.de\/index.php\/wp-json\/wp\/v2\/media?parent=17"}],"curies":[{"name":"wp","href":"https:\/\/api.w.org\/{rel}","templated":true}]}}