{"id":21,"date":"2019-01-28T09:53:00","date_gmt":"2019-01-28T08:53:00","guid":{"rendered":"https:\/\/www.dolmetschen-hoster.de\/?page_id=21"},"modified":"2020-10-20T12:19:22","modified_gmt":"2020-10-20T10:19:22","slug":"uebersetzungen-bonn-dolmetscher-uebersetzer","status":"publish","type":"page","link":"https:\/\/www.dolmetschen-hoster.de\/index.php\/uebersetzungen-bonn-dolmetscher-uebersetzer\/","title":{"rendered":"\u00dcbersetzungen"},"content":{"rendered":"<h1>\u00dcbersetzen<\/h1>\n<h2>Bei der \u00dcbersetzung wird das geschriebene Wort in eine andere Sprache \u00fcbertragen<\/h2>\n<div class=\"two-column\">\n<div class=\"left\">\n<p><strong class=\"orange\">Unabh\u00e4ngig davon, ob Sie die beglaubigte \u00dcbersetzung eines Vertrages brauchen oder Ihre Website in mehrere Sprachen \u00fcbersetzen lassen wollen, dank meiner langj\u00e4hrigen Erfahrung und meiner guten Kontakte zu qualifizierten Kollegen bin ich in der Lage, Ihre \u00dcbersetzungsanfragen kompetent und effizient zu erledigen.<\/strong><\/p>\n<\/div>\n<div class=\"right\">\n<p>Eine gute \u00dcbersetzung zeichnet sich durch Genauigkeit, Terminologietreue und den richtigen Stil aus. Der Leser soll nicht merken, dass es sich um eine \u00dcbersetzung handelt!<\/p>\n<p>Vertrauen Sie deshalb Ihre Texte nur qualifizierten \u00dcbersetzern an, die \u00fcber ihre mutter- und fremdsprachliche Kompetenz hinaus \u00fcber die notwendige Sachkenntnis und Fachterminologie verf\u00fcgen!<\/p>\n<\/div>\n<\/div>\n<hr \/>\n<h2>Was kann ich f\u00fcr Sie tun<\/h2>\n<div class=\"two\">\n<p><strong class=\"orange\">Wir \u00fcbernehmen f\u00fcr Sie \u00dcbersetzungen von Vertr\u00e4gen, Urkunden oder \u00e4hnlichen Dokumenten, von mehrsprachigen Werbeauftritten, Websites oder Videos und von Konferenzdokumenten, Reden oder Pr\u00e4sentationen.<\/strong><\/p>\n<p>Wenn Sie eine \u00dcbersetzungsanfrage haben, unterbreite ich Ihnen gerne auf der Grundlage des Ausgangstextes ein Angebot mit Lieferfrist und \u00fcbernehme bzw. koordiniere die \u00dcbersetzung je nachdem, um welche Sprache und Textumfang es sich handelt. Auf Wunsch erarbeiten wir f\u00fcr Sie auch eine Fachterminologie zu dem entsprechenden Thema.<\/p>\n<p>Zur <strong class=\"orange\">Qualit\u00e4tssicherung<\/strong> werden alle \u00dcbersetzungen nach dem <strong class=\"orange\">&#8222;Vieraugenprinzip&#8220;<\/strong> Korrektur gelesen und ich garantiere Ihnen die termingerechte Abgabe der \u00dcbersetzung?<\/p>\n<\/div>\n<p><img loading=\"lazy\" class=\"fullsize islast alignnone size-full wp-image-100\" src=\"https:\/\/www.dolmetschen-hoster.de\/wp-content\/uploads\/2019\/02\/SHD_Uebersetzung_Content_1920.jpg\" alt=\"\" width=\"1920\" height=\"600\" \/><\/p>\n","protected":false},"excerpt":{"rendered":"<p>\u00dcbersetzen Bei der \u00dcbersetzung wird das geschriebene Wort in eine andere Sprache \u00fcbertragen Unabh\u00e4ngig davon, ob Sie die beglaubigte \u00dcbersetzung eines Vertrages brauchen oder Ihre Website in mehrere Sprachen \u00fcbersetzen <a class=\"more-link\" href=\"https:\/\/www.dolmetschen-hoster.de\/index.php\/uebersetzungen-bonn-dolmetscher-uebersetzer\/\">Mehr erfahren &rarr;<\/a><\/p>\n","protected":false},"author":1,"featured_media":77,"parent":0,"menu_order":4,"comment_status":"closed","ping_status":"closed","template":"","meta":[],"_links":{"self":[{"href":"https:\/\/www.dolmetschen-hoster.de\/index.php\/wp-json\/wp\/v2\/pages\/21"}],"collection":[{"href":"https:\/\/www.dolmetschen-hoster.de\/index.php\/wp-json\/wp\/v2\/pages"}],"about":[{"href":"https:\/\/www.dolmetschen-hoster.de\/index.php\/wp-json\/wp\/v2\/types\/page"}],"author":[{"embeddable":true,"href":"https:\/\/www.dolmetschen-hoster.de\/index.php\/wp-json\/wp\/v2\/users\/1"}],"replies":[{"embeddable":true,"href":"https:\/\/www.dolmetschen-hoster.de\/index.php\/wp-json\/wp\/v2\/comments?post=21"}],"version-history":[{"count":10,"href":"https:\/\/www.dolmetschen-hoster.de\/index.php\/wp-json\/wp\/v2\/pages\/21\/revisions"}],"predecessor-version":[{"id":412,"href":"https:\/\/www.dolmetschen-hoster.de\/index.php\/wp-json\/wp\/v2\/pages\/21\/revisions\/412"}],"wp:featuredmedia":[{"embeddable":true,"href":"https:\/\/www.dolmetschen-hoster.de\/index.php\/wp-json\/wp\/v2\/media\/77"}],"wp:attachment":[{"href":"https:\/\/www.dolmetschen-hoster.de\/index.php\/wp-json\/wp\/v2\/media?parent=21"}],"curies":[{"name":"wp","href":"https:\/\/api.w.org\/{rel}","templated":true}]}}