{"id":29,"date":"2019-01-28T09:59:32","date_gmt":"2019-01-28T08:59:32","guid":{"rendered":"https:\/\/www.dolmetschen-hoster.de\/?page_id=29"},"modified":"2019-02-10T14:28:17","modified_gmt":"2019-02-10T13:28:17","slug":"impressum","status":"publish","type":"page","link":"https:\/\/www.dolmetschen-hoster.de\/index.php\/impressum\/","title":{"rendered":"Impressum"},"content":{"rendered":"<h1>Impressum<\/h1>\n<p><strong class=\"orange\">1. Verantwortlichkeit<br \/>\n2. Urheber- und Kennzeichenrecht<br \/>\n3. Datenschutz<br \/>\n4. Haftungsausschluss<br \/>\n5. Rechtswirksamkeit<br \/>\n6. Verweise und Links<\/strong><\/p>\n<p><strong class=\"orange\">1. Verantwortlich und zust\u00e4ndig f\u00fcr diese Website ist:<\/strong><br \/>\nSabine Hoster, Aloys-Schulte-Str. 7, 53129 Bonn<br \/>\nTel: +49 228 23 68 91, Fax: +49 228 23 04 02<br \/>\ninfo@dolmetschen-hoster.de<\/p>\n<p><strong class=\"orange\">2. Urheber- und Kennzeichenrecht<\/strong><br \/>\nSabine Hoster weist ausdr\u00fccklich darauf hin, da\u00df die auf dieser Website verwendeten Texte, Bilder, Grafiken, Tondokumente, Video- und Animationssequenzen und insbesondere Logos m\u00f6glicherweise dem Urheberrecht und\/oder anderen Gesetzen zum Schutz geistigen Eigentums unterliegen und jegliche weitere Verwendung, ganz oder auszugsweise, Speicherung oder Vervielf\u00e4ltigung, insbesondere zu gesch\u00e4ftlichen Zwecken, untersagt ist bzw. der Genehmigung des Besitzers\/Urhebers bedarf.<br \/>\nAlle auf dieser Webseite genannten Marken und Logos sind gesetzlich gesch\u00fctzte Warenzeichen und unterliegen den Bestimmungen des jeweils zutreffenden Kennzeichenrechts und den Besitzrechten des eingetragenen Eigent\u00fcmers.<br \/>\nSofern fremde Rechte nicht betroffen sind und es sich um von Sabine Hoster selbst erstellte und im Besitz von Sabine Hoster befindliche Objekte handelt, ist es den Nutzern dieser Website jedoch unter Angabe der Quelle gestattet, die bereitgestellten Texte, Bilder und Grafiken zu publizistischen, Lehr- oder privaten Zwecken ganz oder ausschnittsweise zu verwenden, zu speichern und zu vervielf\u00e4ltigen.<br \/>\nKeinesfalls d\u00fcrfen diese Objekte jedoch ver\u00e4ndert, zu Gesch\u00e4ftszwecken oder auf anderen Websites verwendet werden.<\/p>\n<p><strong class=\"orange\">3. Datenschutz<\/strong><br \/>\nSofern innerhalb unserer Webseite die M\u00f6glichkeit zur Eingabe pers\u00f6nlicher oder gesch\u00e4ftlicher Daten (Emailadressen, Namen, Anschriften) besteht, so erfolgt die Preisgabe dieser Daten seitens des Nutzers auf ausdr\u00fccklich freiwilliger Basis. Die Inanspruchnahme der angebotenen Dienste und Informationen ist -soweit technisch m\u00f6glich und zumutbar- auch ohne Angabe solcher Daten bzw. unter Angabe anonymisierter Daten oder eines Pseudonyms gestattet.<\/p>\n<p><strong class=\"orange\">4. Haftungsausschluss<\/strong><br \/>\nSabine Hoster ist bem\u00fcht, den Besuchern ihrer Website richtige und zutreffende Informationen zur Verf\u00fcgung zu stellen. Eine Garantie f\u00fcr die Qualit\u00e4t, die Richtigkeit, Vollst\u00e4ndigkeit und Aktualit\u00e4t dieser Informationen und Daten ist jedoch ausgeschlossen.<br \/>\nAlle Angebote sind freibleibend, alle Informationen und Daten sind unverbindlich. Wir behalten uns vor, jederzeit und ohne vorherige Ank\u00fcndigung Erg\u00e4nzungen, \u00c4nderungen und L\u00f6schungen an allen auf unserer Internetseite befindlichen Informationen und Daten vorzunehmen. Dar\u00fcber hinaus haftet Sabine Hoster weder f\u00fcr direkte noch indirekte Sch\u00e4den, einschlie\u00dflich entgangener Gewinne, die durch die Nutzung der auf unserer Website enthaltenen Informationen und Daten entstehen k\u00f6nnten. Alle Rechte und Pflichten zwischen Sabine Hoster und dem Nutzer dieser Website oder Dritten sind ausgeschlossen.<\/p>\n<p><strong class=\"orange\">5. Rechtswirksamkeit<\/strong><br \/>\nDie Nutzung dieser Webseite sowie alles damit in Zusammenhang stehende Tun, Dulden oder Unterlassen unterliegen ausschlie\u00dflich deutschem Recht. Erf\u00fcllungsort und Gerichtsstand ist, soweit zul\u00e4ssig, ausschlie\u00dflich Bonn.<br \/>\nSofern Teile oder einzelne Formulierungen dieses Textes der geltenden Rechtslage nicht, nicht mehr oder nicht vollst\u00e4ndig entsprechen sollten, bleiben die \u00fcbrigen Teile des Dokumentes in ihrem Inhalt und ihrer G\u00fcltigkeit davon unber\u00fchrt.<\/p>\n<p><strong class=\"orange\">6. Verweise und Links<\/strong><br \/>\nSabine Hoster ist f\u00fcr den Inhalt und die Gestaltung fremder Internetseiten nicht verantwortlich, auch dann nicht, wenn wir auf diese Seiten verweisen oder wenn sie von unserer Seite aus mittels Hyperlink erreicht werden k\u00f6nnen.<br \/>\nWir erkl\u00e4ren, zum Zeitpunkt der Linksetzung keine illegalen Inhalte auf den verkn\u00fcpften Seiten erkannt und auf die aktuelle und zuk\u00fcnftige Gestaltung, die Inhalte und Urheberschaft dieser Webseiten keinerlei Einfluss zu haben.<br \/>\nDaher distanzieren wir uns hiermit ausdr\u00fccklich von allen Inhalten aller auf unserer Webseite gelinkten Seiten. Diese Erkl\u00e4rung gilt f\u00fcr die auf unserer Internetseite ausgebrachten Links und f\u00fcr die Inhalte aller Seiten, zu denen diese Links f\u00fchren. Ebenso gilt dies f\u00fcr Fremdeintr\u00e4ge in dolmetschen-hoster.de eingerichteten und zur Verf\u00fcgung gestellten G\u00e4steb\u00fcchern, Diskussionsforen oder sonstigen, allgemein und ohne unsere ausdr\u00fcckliche Erlaubnis zug\u00e4nglichen Informationsbereiche.<\/p>\n","protected":false},"excerpt":{"rendered":"<p>Impressum 1. Verantwortlichkeit 2. Urheber- und Kennzeichenrecht 3. Datenschutz 4. Haftungsausschluss 5. Rechtswirksamkeit 6. Verweise und Links 1. Verantwortlich und zust\u00e4ndig f\u00fcr diese Website ist: Sabine Hoster, Aloys-Schulte-Str. 7, 53129 <a class=\"more-link\" href=\"https:\/\/www.dolmetschen-hoster.de\/index.php\/impressum\/\">Mehr erfahren &rarr;<\/a><\/p>\n","protected":false},"author":1,"featured_media":0,"parent":0,"menu_order":11,"comment_status":"closed","ping_status":"closed","template":"","meta":[],"_links":{"self":[{"href":"https:\/\/www.dolmetschen-hoster.de\/index.php\/wp-json\/wp\/v2\/pages\/29"}],"collection":[{"href":"https:\/\/www.dolmetschen-hoster.de\/index.php\/wp-json\/wp\/v2\/pages"}],"about":[{"href":"https:\/\/www.dolmetschen-hoster.de\/index.php\/wp-json\/wp\/v2\/types\/page"}],"author":[{"embeddable":true,"href":"https:\/\/www.dolmetschen-hoster.de\/index.php\/wp-json\/wp\/v2\/users\/1"}],"replies":[{"embeddable":true,"href":"https:\/\/www.dolmetschen-hoster.de\/index.php\/wp-json\/wp\/v2\/comments?post=29"}],"version-history":[{"count":10,"href":"https:\/\/www.dolmetschen-hoster.de\/index.php\/wp-json\/wp\/v2\/pages\/29\/revisions"}],"predecessor-version":[{"id":200,"href":"https:\/\/www.dolmetschen-hoster.de\/index.php\/wp-json\/wp\/v2\/pages\/29\/revisions\/200"}],"wp:attachment":[{"href":"https:\/\/www.dolmetschen-hoster.de\/index.php\/wp-json\/wp\/v2\/media?parent=29"}],"curies":[{"name":"wp","href":"https:\/\/api.w.org\/{rel}","templated":true}]}}