{"id":8,"date":"2019-01-28T09:37:32","date_gmt":"2019-01-28T08:37:32","guid":{"rendered":"https:\/\/www.dolmetschen-hoster.de\/?page_id=8"},"modified":"2020-10-20T10:05:03","modified_gmt":"2020-10-20T08:05:03","slug":"startseite","status":"publish","type":"page","link":"https:\/\/www.dolmetschen-hoster.de\/","title":{"rendered":"Startseite"},"content":{"rendered":"<div class=\"two-column\">\n<div class=\"right\">\n<p><img loading=\"lazy\" class=\"alignnone wp-image-191 size-full\" src=\"https:\/\/www.dolmetschen-hoster.de\/wp-content\/uploads\/2019\/02\/SHD_Start_Content_Person_570x327.jpg\" alt=\"Dolmetscherin in Bonn\" width=\"570\" height=\"327\" srcset=\"https:\/\/www.dolmetschen-hoster.de\/wp-content\/uploads\/2019\/02\/SHD_Start_Content_Person_570x327.jpg 570w, https:\/\/www.dolmetschen-hoster.de\/wp-content\/uploads\/2019\/02\/SHD_Start_Content_Person_570x327-300x172.jpg 300w\" sizes=\"(max-width: 570px) 100vw, 570px\" \/><\/p>\n<\/div>\n<div class=\"left\">\n<h1>Dolmetschen und \u00dcbersetzen ist Qualit\u00e4ts- und Vertrauenssache!<\/h1>\n<h2>Daf\u00fcr stehe ich mit meiner Person<\/h2>\n<ul>\n<li>Ein exzellentes <a href=\"https:\/\/www.dolmetschen-hoster.de\/index.php\/dolmetschen-bonn-dolmetscher-uebersetzer\/\">Dolmetscherstudium<\/a> und regelm\u00e4\u00dfige Weiterbildungen<\/li>\n<li>\u00dcber 25 Jahre Berufserfahrung auf allen Ebenen und Fachgebieten<\/li>\n<li>Ein <a href=\"https:\/\/www.dolmetschen-hoster.de\/index.php\/konferenzorganisation-bonn-dolmetscher-uebersetzer\/\">breites Netzwerk<\/a> professioneller KollegInnen im In- und Ausland, die ich pers\u00f6nlich kenne und weiterempfehlen kann, verbunden mit einer langj\u00e4hrigen <strong>Mitgliedschaft<\/strong><strong> im <\/strong><strong>VKD<\/strong><\/li>\n<\/ul>\n<p><a class=\"more-link\" href=\"https:\/\/www.dolmetschen-hoster.de\/index.php\/dolmetscher-franzoesisch-spanisch-bonn-rhein-sieg\/\"><strong>Mehr erfahren \u2192<\/strong><\/a><\/p>\n<p>Thematische Schwerpunkte u. a.:<\/p>\n<p><a href=\"\/dolmetscher-franzoesisch-spanisch-bonn-rhein-sieg\">\u2013 <\/a><a href=\"https:\/\/www.dolmetschen-hoster.de\/index.php\/dolmetscher-franzoesisch-spanisch-bonn-rhein-sieg\/\">Entwicklungszusammenarbeit<\/a><br \/>\n<a href=\"https:\/\/www.dolmetschen-hoster.de\/index.php\/dolmetscher-franzoesisch-spanisch-bonn-rhein-sieg\/\">\u2013 Umwelt-, Klimaschutz und erneuerbare Energien<\/a><br \/>\n<a href=\"https:\/\/www.dolmetschen-hoster.de\/index.php\/dolmetscher-franzoesisch-spanisch-bonn-rhein-sieg\/\">\u2013 Wasser- und Abfallwirtschaft<\/a><br \/>\n<a href=\"https:\/\/www.dolmetschen-hoster.de\/index.php\/dolmetscher-franzoesisch-spanisch-bonn-rhein-sieg\/\">\u2013 Bildung insb. berufliche Bildung<\/a><br \/>\n<a href=\"https:\/\/www.dolmetschen-hoster.de\/index.php\/dolmetscher-franzoesisch-spanisch-bonn-rhein-sieg\/\">\u2013 Flugsicherheit<\/a><br \/>\n<a href=\"https:\/\/www.dolmetschen-hoster.de\/index.php\/dolmetscher-franzoesisch-spanisch-bonn-rhein-sieg\/\">\u2013 Kirche<\/a><br \/>\n<a href=\"https:\/\/www.dolmetschen-hoster.de\/index.php\/dolmetscher-franzoesisch-spanisch-bonn-rhein-sieg\/\">\u2013 Automobilindustrie<\/a><br \/>\n<a href=\"https:\/\/www.dolmetschen-hoster.de\/index.php\/dolmetscher-franzoesisch-spanisch-bonn-rhein-sieg\/\">\u2013 Eisen- und Stahlindustrie<\/a><br \/>\n<a href=\"https:\/\/www.dolmetschen-hoster.de\/index.php\/dolmetscher-franzoesisch-spanisch-bonn-rhein-sieg\/\">\u2013 Telekommunikation<\/a><br \/>\n<a href=\"https:\/\/www.dolmetschen-hoster.de\/index.php\/dolmetscher-franzoesisch-spanisch-bonn-rhein-sieg\/\">\u2013 Logistik<\/a><br \/>\n<a href=\"https:\/\/www.dolmetschen-hoster.de\/index.php\/dolmetscher-franzoesisch-spanisch-bonn-rhein-sieg\/\">\u2013 Einzelhandel<\/a><\/p>\n<\/div>\n<\/div>\n<hr \/>\n<h1>Das sagen meine Kunden<\/h1>\n<div class=\"owl-carousel owl-theme\">\n<div>\n<p><strong>\u2192 SPRACHENDIENST BIBB<\/strong> (BUNDESINSTITUT F\u00dcR BERUFSBILDUNG):<\/p>\n<p>&#8222;Frau Hoster hat uns Anfang 2018 ma\u00dfgeblich bei der Organisation des Dolmetscherteams f\u00fcr unsere Internationale Peer Learning Veranstaltung zum Thema Innovation in der Berufsbildung auf der Messe Hannover unterst\u00fctzt. Seit 12 Jahren \u00fcberzeugt sie immer wieder durch ihre Professionalit\u00e4t, Flexibilit\u00e4t und Freundlichkeit u. a. als Dolmetscherin bei Delegationsreisen aus dem lateinamerikanischen Raum und mit ihren profunden Fachkenntnissen der beruflichen Bildung, die sie auch bei der \u00dcbersetzung zahlreicher Fachtexte unter Beweis gestellt hat.&#8220;<\/p>\n<\/div>\n<div>\n<p><strong>\u2192 EASA<\/strong> (EUROP\u00c4ISCHE AGENTUR F\u00dcR FLUGSICHERHEIT):<\/p>\n<p>Wir arbeiten mit Frau Hoster seit Gr\u00fcndung der EASA (Europ\u00e4ische Agentur f\u00fcr Flugsicherheit) im Jahr 2005 mit Sitz in K\u00f6ln als chef d&#8217;\u00e9quipe f\u00fcr die Organisation des Dolmetscherteams und der Konferenztechnik der mehrmals im Jahr stattfindenden Verwaltungsratssitzungen und auch anderer Veranstaltungen zusammen. Diese Sitzungen sind aufgrund der Fachterminologie und der zahlreichen Abk\u00fcrzungen, sowie der unterschiedlichen Akzente der Teilnehmer aus der ganzen EU immer wieder eine gro\u00dfe Herausforderung f\u00fcr alle Dolmetscher, welche Frau Hoster mit ihrem professionellen Team jedes Mal hervorragend meistert.<\/p>\n<\/div>\n<div>\n<p><strong>\u2192 KSI<\/strong> (KATHOLISCH-SOZIALES INSTITUT):<\/p>\n<p>Frau Hoster dolmetscht f\u00fcr das KSI schon seit vielen Jahren, insbesondere im Rahmen der allj\u00e4hrlich stattfinden Sommerakademie f\u00fcr Priester aus Lateinamerika zum Thema der christlichen Soziallehre. Dabei sch\u00e4tzen wir insbesondere ihre umfangreichen Kenntnisse kirchlicher Themen und ihr professionelles angenehmes Auftreten.<\/p>\n<\/div>\n<\/div>\n","protected":false},"excerpt":{"rendered":"<p>Dolmetschen und \u00dcbersetzen ist Qualit\u00e4ts- und Vertrauenssache! Daf\u00fcr stehe ich mit meiner Person Ein exzellentes Dolmetscherstudium und regelm\u00e4\u00dfige Weiterbildungen \u00dcber 25 Jahre Berufserfahrung auf allen Ebenen und Fachgebieten Ein breites <a class=\"more-link\" href=\"https:\/\/www.dolmetschen-hoster.de\/\">Mehr erfahren &rarr;<\/a><\/p>\n","protected":false},"author":1,"featured_media":0,"parent":0,"menu_order":1,"comment_status":"closed","ping_status":"closed","template":"","meta":[],"_links":{"self":[{"href":"https:\/\/www.dolmetschen-hoster.de\/index.php\/wp-json\/wp\/v2\/pages\/8"}],"collection":[{"href":"https:\/\/www.dolmetschen-hoster.de\/index.php\/wp-json\/wp\/v2\/pages"}],"about":[{"href":"https:\/\/www.dolmetschen-hoster.de\/index.php\/wp-json\/wp\/v2\/types\/page"}],"author":[{"embeddable":true,"href":"https:\/\/www.dolmetschen-hoster.de\/index.php\/wp-json\/wp\/v2\/users\/1"}],"replies":[{"embeddable":true,"href":"https:\/\/www.dolmetschen-hoster.de\/index.php\/wp-json\/wp\/v2\/comments?post=8"}],"version-history":[{"count":10,"href":"https:\/\/www.dolmetschen-hoster.de\/index.php\/wp-json\/wp\/v2\/pages\/8\/revisions"}],"predecessor-version":[{"id":260,"href":"https:\/\/www.dolmetschen-hoster.de\/index.php\/wp-json\/wp\/v2\/pages\/8\/revisions\/260"}],"wp:attachment":[{"href":"https:\/\/www.dolmetschen-hoster.de\/index.php\/wp-json\/wp\/v2\/media?parent=8"}],"curies":[{"name":"wp","href":"https:\/\/api.w.org\/{rel}","templated":true}]}}